{"id":1286,"date":"2025-10-23T14:24:53","date_gmt":"2025-10-23T12:24:53","guid":{"rendered":"https:\/\/wus-online.de\/service\/snow-load-calculation\/"},"modified":"2026-02-05T14:35:20","modified_gmt":"2026-02-05T13:35:20","slug":"snow-load-calculation","status":"publish","type":"page","link":"https:\/\/wus-online.de\/en\/service\/snow-load-calculation\/","title":{"rendered":"Snow Load Calculation"},"content":{"rendered":"\t\t<div data-elementor-type=\"wp-page\" data-elementor-id=\"1286\" class=\"elementor elementor-1286 elementor-700\" data-elementor-post-type=\"page\">\n\t\t\t\t<div class=\"elementor-element elementor-element-5fd922f e-con-full e-flex e-con e-parent\" data-id=\"5fd922f\" data-element_type=\"container\" data-e-type=\"container\">\n\t\t<div class=\"elementor-element elementor-element-e4f3d11 e-con-full e-flex e-con e-child\" data-id=\"e4f3d11\" data-element_type=\"container\" data-e-type=\"container\">\n\t\t<div class=\"elementor-element elementor-element-a839282 e-con-full e-flex e-con e-child\" data-id=\"a839282\" data-element_type=\"container\" data-e-type=\"container\">\n\t\t\t\t<div class=\"elementor-element elementor-element-6f42c44 elementor-widget elementor-widget-heading\" data-id=\"6f42c44\" data-element_type=\"widget\" data-e-type=\"widget\" data-widget_type=\"heading.default\">\n\t\t\t\t\t<h1 class=\"elementor-heading-title elementor-size-default\">Intelligent service tool for snow load calculation<\/h1>\t\t\t\t<\/div>\n\t\t\t\t<div class=\"elementor-element elementor-element-297f7bd elementor-widget elementor-widget-heading\" data-id=\"297f7bd\" data-element_type=\"widget\" data-e-type=\"widget\" data-widget_type=\"heading.default\">\n\t\t\t\t\t<h3 class=\"elementor-heading-title elementor-size-default\">Reliable determination of snow load for safe roof planning<\/h3>\t\t\t\t<\/div>\n\t\t\t\t<\/div>\n\t\t\t\t<\/div>\n\t\t\t\t<\/div>\n\t\t<div class=\"elementor-element elementor-element-a65060a e-flex e-con-boxed e-con e-parent\" data-id=\"a65060a\" data-element_type=\"container\" data-e-type=\"container\">\n\t\t\t\t\t<div class=\"e-con-inner\">\n\t\t\t\t<div class=\"elementor-element elementor-element-bb53798 elementor-widget elementor-widget-heading\" data-id=\"bb53798\" data-element_type=\"widget\" data-e-type=\"widget\" data-widget_type=\"heading.default\">\n\t\t\t\t\t<h2 class=\"elementor-heading-title elementor-size-default\">Snow Load Calculation\n<\/h2>\t\t\t\t<\/div>\n\t\t\t\t<div class=\"elementor-element elementor-element-c9bc9fa elementor-widget elementor-widget-heading\" data-id=\"c9bc9fa\" data-element_type=\"widget\" data-e-type=\"widget\" data-widget_type=\"heading.default\">\n\t\t\t\t\t<h3 class=\"elementor-heading-title elementor-size-default\">Stay up-to-date.\n<\/h3>\t\t\t\t<\/div>\n\t\t\t\t<div class=\"elementor-element elementor-element-79cd441 elementor-widget elementor-widget-text-editor\" data-id=\"79cd441\" data-element_type=\"widget\" data-e-type=\"widget\" data-widget_type=\"text-editor.default\">\n\t\t\t\t\t\t\t\t\t<p>To calculate your individual snow load, we require some information. Please first determine your snow load zone and terrain height. For this purpose, a tool is available below, which uses the Google Maps API to determine the terrain height and coordinates. You can also manually enter the information in the form below \u2013 please note that by using the Google Map, you agree to Google&#8217;s privacy policy and terms of use.<\/p><p> <\/p><p>The system automatically calculates the data you entered; these are not verified.<br>No liability is assumed for incorrect information. By using it, you agree to this.<\/p><p> <\/p><p>Please observe the note on usage requirements.<\/p>\t\t\t\t\t\t\t\t<\/div>\n\t\t\t\t\t<\/div>\n\t\t\t\t<\/div>\n\t\t<div class=\"elementor-element elementor-element-3fa2b7c e-flex e-con-boxed e-con e-parent\" data-id=\"3fa2b7c\" data-element_type=\"container\" data-e-type=\"container\" data-settings=\"{&quot;background_background&quot;:&quot;classic&quot;}\">\n\t\t\t\t\t<div class=\"e-con-inner\">\n\t\t\t\t<div class=\"elementor-element elementor-element-e8175ae elementor-widget elementor-widget-text-editor\" data-id=\"e8175ae\" data-element_type=\"widget\" data-e-type=\"widget\" data-widget_type=\"text-editor.default\">\n\t\t\t\t\t\t\t\t\t<p>The installing specialist contractor will in many cases be required to make adjustments to the structural conditions. In any case, the valid regulations and recognized rules of technology must be applied. WUS assumes no liability for damages resulting from natural wear and tear, excessive stress, improper installation or handling, or other weather influences.<\/p><p>Please observe the respective installation instructions when installing our snow guard systems. You can find these with the respective products or in our download area.<\/p>\t\t\t\t\t\t\t\t<\/div>\n\t\t\t\t\t<\/div>\n\t\t\t\t<\/div>\n\t\t<div class=\"elementor-element elementor-element-d5fe006 e-flex e-con-boxed e-con e-parent\" data-id=\"d5fe006\" data-element_type=\"container\" data-e-type=\"container\">\n\t\t\t\t\t<div class=\"e-con-inner\">\n\t\t\t\t<div class=\"elementor-element elementor-element-6355ec1 elementor-widget elementor-widget-shortcode\" data-id=\"6355ec1\" data-element_type=\"widget\" data-e-type=\"widget\" data-widget_type=\"shortcode.default\">\n\t\t\t\t\t\t\t<div class=\"elementor-shortcode\">    <div class=\"schneelast-calculator\">\n        <div class=\"slc-container\">\n            \n            <!-- NEW: Address Input Section -->\n            <div class=\"slc-address-section\">\n                <h3>Adresse des Bauvorhabens<\/h3>\n                <p class=\"slc-help-text\">Geben Sie die Adresse ein, um automatisch die Schneelastzone und Gel\u00e4ndeh\u00f6he zu ermitteln.<\/p>\n                \n                <div class=\"slc-address-form\">\n                    <div class=\"slc-form-row\">\n                        <div class=\"slc-form-col\">\n                            <label for=\"slc-address-street\">Stra\u00dfe und Hausnummer<\/label>\n                            <input type=\"text\" id=\"slc-address-street\" class=\"slc-input\" placeholder=\"z.B. Musterstra\u00dfe 123\" \/>\n                        <\/div>\n                    <\/div>\n                    <div class=\"slc-form-row\">\n                        <div class=\"slc-form-col slc-form-col-small\">\n                            <label for=\"slc-address-plz\">PLZ<\/label>\n                            <input type=\"text\" id=\"slc-address-plz\" class=\"slc-input\" placeholder=\"z.B. 12345\" maxlength=\"5\" \/>\n                        <\/div>\n                        <div class=\"slc-form-col\">\n                            <label for=\"slc-address-city\">Ort<\/label>\n                            <input type=\"text\" id=\"slc-address-city\" class=\"slc-input\" placeholder=\"z.B. M\u00fcnchen\" \/>\n                        <\/div>\n                    <\/div>\n                    <div class=\"slc-button-container\">\n                        <button type=\"button\" id=\"slc-address-lookup-btn\" class=\"slc-button slc-button-primary\">\n                            <span class=\"slc-btn-text\">Adresse suchen<\/span>\n                            <span class=\"slc-btn-loading\" style=\"display:none;\">Suche l\u00e4uft...<\/span>\n                        <\/button>\n                    <\/div>\n                <\/div>\n                \n                <!-- Map Container -->\n                <div id=\"slc-map-container\" class=\"slc-map-container\" style=\"display:none;\">\n                    <div id=\"slc-map\" class=\"slc-map\"><\/div>\n                    <!-- <div class=\"slc-map-info\">\n                        <strong>Gefundener Standort:<\/strong>\n                        <div id=\"slc-map-location-name\"><\/div>\n                    <\/div> -->\n                <\/div>\n            <\/div>\n            \n            <!-- Schneezone Lookup -->\n            <!-- <div class=\"slc-zone-lookup\">\n                <h3>Oder: Manuelle Suche der Schneelastzone<\/h3>\n                <div class=\"slc-zone-search\">\n                    <input type=\"text\" id=\"slc-zone-search\" placeholder=\"PLZ oder Ort eingeben...\" \/>\n                    <button type=\"button\" id=\"slc-zone-search-btn\">Suchen<\/button>\n                <\/div>\n                <div id=\"slc-zone-results\" class=\"slc-zone-results\"><\/div>\n            <\/div> -->\n            \n            <!-- Formular -->\n            <form id=\"schneelast-form\" class=\"slc-form\">\n                <input type=\"hidden\" id=\"schneelast_nonce\" name=\"schneelast_nonce\" value=\"000286165d\" \/><input type=\"hidden\" name=\"_wp_http_referer\" value=\"\/en\/wp-json\/wp\/v2\/pages\/1286\" \/>                \n                <!-- Versteckte Felder f\u00fcr Bauvorhaben -->\n                <input type=\"hidden\" name=\"bauvorhaben\" id=\"slc-bauvorhaben\" \/>\n                <input type=\"hidden\" name=\"street\" id=\"slc-street\" \/>\n                <input type=\"hidden\" name=\"PLZ\" id=\"slc-plz\" \/>\n                <input type=\"hidden\" name=\"Ort\" id=\"slc-ort\" \/>\n                \n                <div class=\"slc-form-grid\">\n                    <div class=\"slc-form-left\">\n                        \n                        <!-- Schneelastzone -->\n                        <div class=\"slc-form-group\">\n                            <label for=\"slc-zone\">Schneelastzone <span class=\"required\">*<\/span><\/label>\n                            <input type=\"text\" id=\"slc-zone\" name=\"zone\" class=\"slc-input\" readonly required \/>\n                        <\/div>\n                        \n                        <!-- Gel\u00e4ndeh\u00f6he - NOW WITH AUTO-FILL -->\n                        <div class=\"slc-form-group\">\n                            <label for=\"slc-height\">\n                                Gel\u00e4ndeh\u00f6he \u00fcber NN <span class=\"required\">*<\/span>\n                                <span class=\"slc-auto-filled\" id=\"slc-height-auto\" style=\"display:none;\">(automatisch ermittelt)<\/span>\n                            <\/label>\n                            <div class=\"slc-input-group\">\n                                <input type=\"text\" id=\"slc-height\" name=\"hoehe\" class=\"slc-input\" required \/>\n                                <span class=\"slc-suffix\">Meter<\/span>\n                            <\/div>\n                        <\/div>\n                        \n                        <!-- Dachneigung -->\n                        <div class=\"slc-form-group\">\n                            <label for=\"slc-angle\">Dachneigung (\u03b1) <span class=\"required\">*<\/span><\/label>\n                            <div class=\"slc-input-group\">\n                                <input type=\"text\" id=\"slc-angle\" name=\"neigung\" class=\"slc-input\" required \/>\n                                <span class=\"slc-suffix\">Grad<\/span>\n                            <\/div>\n                        <\/div>\n                        \n                        <!-- Sparrenl\u00e4nge -->\n                        <div class=\"slc-form-group\">\n                            <label for=\"slc-rafter\">Sparrenl\u00e4nge (lsp)<\/label>\n                            <div class=\"slc-input-group\">\n                                <input type=\"text\" id=\"slc-rafter\" name=\"sparrenlaenge\" class=\"slc-input\" \/>\n                                <span class=\"slc-suffix\">Meter<\/span>\n                            <\/div>\n                        <\/div>\n                        \n                        <!-- Abstand zum Fanggitter -->\n                        <div class=\"slc-form-group\">\n                            <label for=\"slc-fence\">Abstand zum n\u00e4chsten Fanggitter oder First (b)<\/label>\n                            <div class=\"slc-input-group\">\n                                <input type=\"text\" id=\"slc-fence\" name=\"fanggitter\" class=\"slc-input\" \/>\n                                <span class=\"slc-suffix\">Meter<\/span>\n                            <\/div>\n                        <\/div>\n                        \n                        <!-- Traufenl\u00e4nge -->\n                        <div class=\"slc-form-group\">\n                            <label for=\"slc-eaves\">Traufenl\u00e4nge<\/label>\n                            <div class=\"slc-input-group\">\n                                <input type=\"text\" id=\"slc-eaves\" name=\"traufenlaenge\" class=\"slc-input\" \/>\n                                <span class=\"slc-suffix\">Meter<\/span>\n                            <\/div>\n                        <\/div>\n                        \n                        <!-- Teilsicherheitsbeiwert -->\n                        <div class=\"slc-form-group slc-checkbox-group\">\n                            <label>\n                                <input type=\"checkbox\" id=\"slc-safety\" name=\"teilsicherheit\" value=\"1\" \/>\n                                <span>Teilsicherheitsbeiwert \u03b3<sub>Q<\/sub><\/span>\n                            <\/label>\n                        <\/div>\n                        \n                    <\/div>\n                    \n                    <div class=\"slc-form-right\">\n                        <!-- Haus Illustration -->\n                        <div class=\"slc-illustration\">\n                            <img decoding=\"async\" id=\"slc-house-normal\" src=\"https:\/\/wus-online.de\/wp-content\/themes\/hello-theme-child-master\/schneelast-calculator\/images\/Schneelast.png\" alt=\"Schneelast\" \/>\n                            <img decoding=\"async\" id=\"slc-house-safety\" src=\"https:\/\/wus-online.de\/wp-content\/themes\/hello-theme-child-master\/schneelast-calculator\/images\/SchneelastTeilsicherheit.png\" alt=\"Schneelast mit Teilsicherheit\" style=\"display:none;\" \/>\n                        <\/div>\n                    <\/div>\n                <\/div>\n                \n                <!-- Ausf\u00fchrende Fachbetrieb (Optional) -->\n                <div class=\"slc-section\">\n                    <h3>Ausf\u00fchrender Fachbetrieb<\/h3>\n                    <div class=\"slc-form-row\">\n                        <div class=\"slc-form-col\">\n                            <input type=\"text\" name=\"fname\" placeholder=\"Name\/Firma\" class=\"slc-input\" \/>\n                        <\/div>\n                        <div class=\"slc-form-col\">\n                            <input type=\"text\" name=\"fstreet\" placeholder=\"Stra\u00dfe\/Nr.\" class=\"slc-input\" \/>\n                        <\/div>\n                    <\/div>\n                    <div class=\"slc-form-row\">\n                        <div class=\"slc-form-col\">\n                            <input type=\"text\" name=\"fcity\" placeholder=\"PLZ\/Stadt\" class=\"slc-input\" \/>\n                        <\/div>\n                        <div class=\"slc-form-col\">\n                            <input type=\"text\" name=\"fphone\" placeholder=\"Telefon\/Email\" class=\"slc-input\" \/>\n                        <\/div>\n                    <\/div>\n                <\/div>\n                \n                <!-- Ihre Auswahl -->\n                <div class=\"slc-section slc-selection\">\n                    <h3>Ihre Auswahl<\/h3>\n                    <div class=\"slc-selection-grid\">\n                        \n                        <!-- Produktauswahl -->\n                        <div class=\"slc-selection-group\">\n                            <h4>Produktauswahl<\/h4>\n                            <label><input type=\"radio\" name=\"produktauswahl\" value=\"Gitterst\u00fctze\" checked \/> Gitterst\u00fctze<\/label>\n                            <label><input type=\"radio\" name=\"produktauswahl\" value=\"Rohr\" \/> 2 Rohr 1<\/label>\n                        <\/div>\n                        \n                        <!-- Befestigungsform -->\n                        <div class=\"slc-selection-group\">\n                            <h4>Befestigungsform<\/h4>\n                            <label><input type=\"radio\" name=\"befestigungsform\" value=\"gerade\" checked \/> gerade<\/label>\n                            <label><input type=\"radio\" name=\"befestigungsform\" value=\"gekr\u00f6pft\" \/> gekr\u00f6pft<\/label>\n                            <label><input type=\"radio\" name=\"befestigungsform\" value=\"Einh\u00e4ngen\" \/> Zum Einh\u00e4ngen<\/label>\n                            <label><input type=\"radio\" name=\"befestigungsform\" value=\"Metalldachplatte\" \/> Metalldachplatte (MDP)<\/label>\n                        <\/div>\n                        \n                        <!-- Material -->\n                        <div class=\"slc-selection-group\">\n                            <h4>Material<\/h4>\n                            <label><input type=\"radio\" name=\"material\" value=\"Stahl\" checked \/> Stahl<\/label>\n                            <label><input type=\"radio\" name=\"material\" value=\"Kupfer\" \/> Kupfer<\/label>\n                        <\/div>\n                        \n                        <!-- Beschichtungen -->\n                        <div class=\"slc-selection-group slc-coating-group\">\n                            <h4>Beschichtungen<\/h4>\n                            <label><input type=\"radio\" name=\"beschichtung\" value=\"\" checked \/> Feuerverzinkt<\/label>\n                            <label><input type=\"radio\" name=\"beschichtung\" value=\"dunkelbraun\" \/> Feuerverzinkt + Dunkelbraun<\/label>\n                            <label><input type=\"radio\" name=\"beschichtung\" value=\"ziegelrot\" \/> Feuerverzinkt + Ziegelrot<\/label>\n                            <label><input type=\"radio\" name=\"beschichtung\" value=\"anthrazit\" \/> Feuerverzinkt + Anthrazit<\/label>\n                        <\/div>\n                        \n                    <\/div>\n                <\/div>\n                \n                <!-- AGB Checkbox -->\n                <div class=\"slc-agb-section\">\n                    <div class=\"slc-checkbox-item\">\n                        <input type=\"checkbox\" id=\"slc-agb\" name=\"agb\" value=\"1\" required \/>\n                        <label class=\"slc-agb-label\" for=\"slc-agb\">\n                            <strong>AGB und Nutzungsvoraussetzung akzeptiert<\/strong><br\/>\n                            Ich habe die die AGB und Nutzungsvoraussetzung gelesen und stimme ihnen zu.\n                        <\/label>\n                    <\/div>\n                <\/div>\n                \n                <!-- Submit Button -->\n                <div class=\"slc-button-container\">\n                    <button type=\"submit\" class=\"slc-button slc-button-primary\">Berechnen<\/button>\n                <\/div>\n            <\/form>\n            \n            <!-- Ergebnisbereich -->\n            <div id=\"slc-results\" class=\"slc-results\" style=\"display: none;\">\n                <div id=\"printableArea\">\n                    <div class=\"slc-results-container\"><\/div>\n                <\/div>\n                <!-- Print Button - Outside printableArea -->\n                <div class=\"slc-button-container\">\n                    <button type=\"button\" class=\"slc-button slc-button-secondary\" onclick=\"printDiv('printableArea')\">Drucken<\/button>\n                <\/div>\n            <\/div>\n            \n            <!-- Ladeanzeige -->\n            <div id=\"slc-loading\" class=\"slc-loading\" style=\"display: none;\">\n                <div class=\"slc-spinner\"><\/div>\n                <p>Berechnung l\u00e4uft...<\/p>\n            <\/div>\n            \n        <\/div>\n    <\/div>\n    <\/div>\n\t\t\t\t\t\t<\/div>\n\t\t\t\t\t<\/div>\n\t\t\t\t<\/div>\n\t\t\t\t<\/div>\n\t\t","protected":false},"excerpt":{"rendered":"<p>Intelligent service tool for snow load calculation Reliable determination of snow load for safe roof planning Snow Load Calculation Stay up-to-date. To calculate your individual snow load, we require some information. Please first determine your snow load zone and terrain height. For this purpose, a tool is available below, which uses the Google Maps API [&hellip;]<\/p>\n","protected":false},"author":1,"featured_media":0,"parent":1277,"menu_order":0,"comment_status":"closed","ping_status":"closed","template":"","meta":{"footnotes":""},"class_list":["post-1286","page","type-page","status-publish","hentry"],"_links":{"self":[{"href":"https:\/\/wus-online.de\/en\/wp-json\/wp\/v2\/pages\/1286","targetHints":{"allow":["GET"]}}],"collection":[{"href":"https:\/\/wus-online.de\/en\/wp-json\/wp\/v2\/pages"}],"about":[{"href":"https:\/\/wus-online.de\/en\/wp-json\/wp\/v2\/types\/page"}],"author":[{"embeddable":true,"href":"https:\/\/wus-online.de\/en\/wp-json\/wp\/v2\/users\/1"}],"replies":[{"embeddable":true,"href":"https:\/\/wus-online.de\/en\/wp-json\/wp\/v2\/comments?post=1286"}],"version-history":[{"count":0,"href":"https:\/\/wus-online.de\/en\/wp-json\/wp\/v2\/pages\/1286\/revisions"}],"up":[{"embeddable":true,"href":"https:\/\/wus-online.de\/en\/wp-json\/wp\/v2\/pages\/1277"}],"wp:attachment":[{"href":"https:\/\/wus-online.de\/en\/wp-json\/wp\/v2\/media?parent=1286"}],"curies":[{"name":"wp","href":"https:\/\/api.w.org\/{rel}","templated":true}]}}